{"id":343,"date":"2018-01-25T20:46:28","date_gmt":"2018-01-25T20:46:28","guid":{"rendered":"http:\/\/192.168.1.129\/web1\/?page_id=343"},"modified":"2023-10-19T09:24:52","modified_gmt":"2023-10-19T09:24:52","slug":"calefaccion-y-acs","status":"publish","type":"page","link":"https:\/\/ins-ter.es\/index.php\/calefaccion-y-acs\/","title":{"rendered":"Calefacci\u00f3n y ACS"},"content":{"rendered":"\n\t\t<style type=\"text\/css\">\n\t\t\t#gallery-1 {\n\t\t\t\tmargin: auto;\n\t\t\t}\n\t\t\t#gallery-1 .gallery-item {\n\t\t\t\tfloat: left;\n\t\t\t\tmargin-top: 10px;\n\t\t\t\ttext-align: center;\n\t\t\t\twidth: 33%;\n\t\t\t}\n\t\t\t#gallery-1 img {\n\t\t\t\tborder: 2px solid #cfcfcf;\n\t\t\t}\n\t\t\t#gallery-1 .gallery-caption {\n\t\t\t\tmargin-left: 0;\n\t\t\t}\n\t\t\t\/* see gallery_shortcode() in wp-includes\/media.php *\/\n\t\t<\/style>\n\t\t<div id='gallery-1' class='gallery galleryid-343 gallery-columns-3 gallery-size-thumbnail'><dl class='gallery-item'>\n\t\t\t<dt class='gallery-icon landscape'>\n\t\t\t\t<a href='https:\/\/ins-ter.es\/wp-content\/uploads\/2018\/05\/PLACAS.jpg'><img width=\"150\" height=\"150\" src=\"https:\/\/ins-ter.es\/wp-content\/uploads\/2018\/05\/PLACAS-150x150.jpg\" class=\"attachment-thumbnail size-thumbnail\" alt=\"\" decoding=\"async\" aria-describedby=\"gallery-1-697\" loading=\"lazy\" srcset=\"https:\/\/ins-ter.es\/wp-content\/uploads\/2018\/05\/PLACAS-150x150.jpg 150w, https:\/\/ins-ter.es\/wp-content\/uploads\/2018\/05\/PLACAS-53x53.jpg 53w, https:\/\/ins-ter.es\/wp-content\/uploads\/2018\/05\/PLACAS-570x570.jpg 570w, https:\/\/ins-ter.es\/wp-content\/uploads\/2018\/05\/PLACAS-380x380.jpg 380w, https:\/\/ins-ter.es\/wp-content\/uploads\/2018\/05\/PLACAS-285x285.jpg 285w\" sizes=\"(max-width: 150px) 100vw, 150px\" \/><\/a>\n\t\t\t<\/dt>\n\t\t\t\t<dd class='wp-caption-text gallery-caption' id='gallery-1-697'>\n\t\t\t\tAGUA CALIENTE SANITARIA\n\t\t\t\t<\/dd><\/dl><dl class='gallery-item'>\n\t\t\t<dt class='gallery-icon landscape'>\n\t\t\t\t<a href='https:\/\/ins-ter.es\/wp-content\/uploads\/2018\/05\/RADIADORES.jpg'><img width=\"150\" height=\"150\" src=\"https:\/\/ins-ter.es\/wp-content\/uploads\/2018\/05\/RADIADORES-150x150.jpg\" class=\"attachment-thumbnail size-thumbnail\" alt=\"\" decoding=\"async\" aria-describedby=\"gallery-1-699\" loading=\"lazy\" srcset=\"https:\/\/ins-ter.es\/wp-content\/uploads\/2018\/05\/RADIADORES-150x150.jpg 150w, https:\/\/ins-ter.es\/wp-content\/uploads\/2018\/05\/RADIADORES-53x53.jpg 53w, https:\/\/ins-ter.es\/wp-content\/uploads\/2018\/05\/RADIADORES-570x570.jpg 570w, https:\/\/ins-ter.es\/wp-content\/uploads\/2018\/05\/RADIADORES-380x380.jpg 380w, https:\/\/ins-ter.es\/wp-content\/uploads\/2018\/05\/RADIADORES-285x285.jpg 285w\" sizes=\"(max-width: 150px) 100vw, 150px\" \/><\/a>\n\t\t\t<\/dt>\n\t\t\t\t<dd class='wp-caption-text gallery-caption' id='gallery-1-699'>\n\t\t\t\tRADIADORES\n\t\t\t\t<\/dd><\/dl><dl class='gallery-item'>\n\t\t\t<dt class='gallery-icon landscape'>\n\t\t\t\t<a href='https:\/\/ins-ter.es\/wp-content\/uploads\/2018\/05\/PLACAS-TERMOSOLARES.jpg'><img width=\"150\" height=\"150\" src=\"https:\/\/ins-ter.es\/wp-content\/uploads\/2018\/05\/PLACAS-TERMOSOLARES-150x150.jpg\" class=\"attachment-thumbnail size-thumbnail\" alt=\"\" decoding=\"async\" aria-describedby=\"gallery-1-701\" loading=\"lazy\" srcset=\"https:\/\/ins-ter.es\/wp-content\/uploads\/2018\/05\/PLACAS-TERMOSOLARES-150x150.jpg 150w, https:\/\/ins-ter.es\/wp-content\/uploads\/2018\/05\/PLACAS-TERMOSOLARES-53x53.jpg 53w, https:\/\/ins-ter.es\/wp-content\/uploads\/2018\/05\/PLACAS-TERMOSOLARES-570x570.jpg 570w, https:\/\/ins-ter.es\/wp-content\/uploads\/2018\/05\/PLACAS-TERMOSOLARES-380x380.jpg 380w, https:\/\/ins-ter.es\/wp-content\/uploads\/2018\/05\/PLACAS-TERMOSOLARES-285x285.jpg 285w\" sizes=\"(max-width: 150px) 100vw, 150px\" \/><\/a>\n\t\t\t<\/dt>\n\t\t\t\t<dd class='wp-caption-text gallery-caption' id='gallery-1-701'>\n\t\t\t\tPLACAS TERMOSOLARES\n\t\t\t\t<\/dd><\/dl><br style=\"clear: both\" \/><dl class='gallery-item'>\n\t\t\t<dt class='gallery-icon landscape'>\n\t\t\t\t<a href='https:\/\/ins-ter.es\/wp-content\/uploads\/2018\/05\/CALDERAS.jpg'><img width=\"150\" height=\"150\" src=\"https:\/\/ins-ter.es\/wp-content\/uploads\/2018\/05\/CALDERAS-150x150.jpg\" class=\"attachment-thumbnail size-thumbnail\" alt=\"\" decoding=\"async\" aria-describedby=\"gallery-1-703\" loading=\"lazy\" srcset=\"https:\/\/ins-ter.es\/wp-content\/uploads\/2018\/05\/CALDERAS-150x150.jpg 150w, https:\/\/ins-ter.es\/wp-content\/uploads\/2018\/05\/CALDERAS-53x53.jpg 53w, https:\/\/ins-ter.es\/wp-content\/uploads\/2018\/05\/CALDERAS-570x570.jpg 570w, https:\/\/ins-ter.es\/wp-content\/uploads\/2018\/05\/CALDERAS-380x380.jpg 380w, https:\/\/ins-ter.es\/wp-content\/uploads\/2018\/05\/CALDERAS-285x285.jpg 285w\" sizes=\"(max-width: 150px) 100vw, 150px\" \/><\/a>\n\t\t\t<\/dt>\n\t\t\t\t<dd class='wp-caption-text gallery-caption' id='gallery-1-703'>\n\t\t\t\tCALDERAS \n\t\t\t\t<\/dd><\/dl><dl class='gallery-item'>\n\t\t\t<dt class='gallery-icon landscape'>\n\t\t\t\t<a href='https:\/\/ins-ter.es\/wp-content\/uploads\/2018\/05\/SUELORAD.jpg'><img width=\"150\" height=\"150\" src=\"https:\/\/ins-ter.es\/wp-content\/uploads\/2018\/05\/SUELORAD-150x150.jpg\" class=\"attachment-thumbnail size-thumbnail\" alt=\"\" decoding=\"async\" aria-describedby=\"gallery-1-704\" loading=\"lazy\" srcset=\"https:\/\/ins-ter.es\/wp-content\/uploads\/2018\/05\/SUELORAD-150x150.jpg 150w, https:\/\/ins-ter.es\/wp-content\/uploads\/2018\/05\/SUELORAD-53x53.jpg 53w, https:\/\/ins-ter.es\/wp-content\/uploads\/2018\/05\/SUELORAD-570x570.jpg 570w, https:\/\/ins-ter.es\/wp-content\/uploads\/2018\/05\/SUELORAD-380x380.jpg 380w, https:\/\/ins-ter.es\/wp-content\/uploads\/2018\/05\/SUELORAD-285x285.jpg 285w\" sizes=\"(max-width: 150px) 100vw, 150px\" \/><\/a>\n\t\t\t<\/dt>\n\t\t\t\t<dd class='wp-caption-text gallery-caption' id='gallery-1-704'>\n\t\t\t\tSUELO RADIANTE\n\t\t\t\t<\/dd><\/dl><dl class='gallery-item'>\n\t\t\t<dt class='gallery-icon landscape'>\n\t\t\t\t<a href='https:\/\/ins-ter.es\/wp-content\/uploads\/2018\/05\/AEROTERMIAS.jpg'><img width=\"150\" height=\"150\" src=\"https:\/\/ins-ter.es\/wp-content\/uploads\/2018\/05\/AEROTERMIAS-150x150.jpg\" class=\"attachment-thumbnail size-thumbnail\" alt=\"\" decoding=\"async\" aria-describedby=\"gallery-1-686\" loading=\"lazy\" srcset=\"https:\/\/ins-ter.es\/wp-content\/uploads\/2018\/05\/AEROTERMIAS-150x150.jpg 150w, https:\/\/ins-ter.es\/wp-content\/uploads\/2018\/05\/AEROTERMIAS-53x53.jpg 53w, https:\/\/ins-ter.es\/wp-content\/uploads\/2018\/05\/AEROTERMIAS-570x570.jpg 570w, https:\/\/ins-ter.es\/wp-content\/uploads\/2018\/05\/AEROTERMIAS-380x380.jpg 380w, https:\/\/ins-ter.es\/wp-content\/uploads\/2018\/05\/AEROTERMIAS-285x285.jpg 285w\" sizes=\"(max-width: 150px) 100vw, 150px\" \/><\/a>\n\t\t\t<\/dt>\n\t\t\t\t<dd class='wp-caption-text gallery-caption' id='gallery-1-686'>\n\t\t\t\tAEROTERMIA\n\t\t\t\t<\/dd><\/dl><br style=\"clear: both\" \/>\n\t\t<\/div>\n\n<h2><\/h2>\n<h2>Calefacci\u00f3n y ACS para uso dom\u00e9stico<\/h2>\n<p>Las primeras marcas del mercado para su hogar, desde \u201csplits\u201d de pared hasta m\u00e1quinas de conductos con sistema mecanizado de control de zonas. Tambi\u00e9n calefacci\u00f3n convencional o mediante placas solares. En Ins-Ter Termomec\u00e1nicas, sabemos que tu hogar en Alicante merece lo mejor en t\u00e9rminos de climatizaci\u00f3n. Por eso, te ofrecemos una amplia selecci\u00f3n de opciones, desde equipos de aire acondicionado \u00absplits\u00bb de pared hasta sistemas de conductos con control de zonas automatizado. Nuestra experiencia abarca incluso la instalaci\u00f3n de calefacci\u00f3n eficiente, incluida la opci\u00f3n de calefacci\u00f3n mediante placas solares, para que puedas disfrutar de una temperatura ideal durante todo el a\u00f1o sin comprometer la sostenibilidad. Con nuestro enfoque en la calidad y la innovaci\u00f3n, te brindamos soluciones personalizadas que se adaptan a tu estilo de vida y a las necesidades espec\u00edficas de tu hogar.<\/p>\n<h2>Calefacci\u00f3n y ACS para uso industrial<\/h2>\n<p>Gran variedad de m\u00e1quinas con muy alto prestigio en el mercado capaz de satisfacer cualquier necesidad que tengan nuestros clientes. Cuando se trata de soluciones de climatizaci\u00f3n industrial en Alicante, Ins-Ter Termomec\u00e1nicas tiene la respuesta. Contamos con una amplia gama de maquinaria de climatizaci\u00f3n industrial, altamente reconocida en el mercado por su prestigio y rendimiento excepcional. Nuestro objetivo es satisfacer incluso las necesidades m\u00e1s exigentes de nuestros clientes industriales en Alicante, ofreciendo soluciones confiables que optimizan el ambiente interior de sus instalaciones. Sea cual sea el tama\u00f1o o la complejidad de tu proyecto industrial, estamos preparados para brindarte soluciones de climatizaci\u00f3n de alta calidad que cumplan con tus est\u00e1ndares m\u00e1s altos.<\/p>\n<h2>Calefacci\u00f3n y ACS para uso comercial<\/h2>\n<p>Tambi\u00e9n disponemos de la maquinaria necesaria para grandes almacenes, comercios, naves, etc. En Ins-Ter Termomec\u00e1nicas, entendemos la importancia de mantener espacios comerciales confortables en Alicante. Por eso, ponemos a tu disposici\u00f3n una variedad de maquinaria de climatizaci\u00f3n que se adapta a tus necesidades espec\u00edficas, ya sea para grandes almacenes, comercios o naves industriales. Nuestro enfoque en la eficiencia y el rendimiento asegura que obtengas equipos que cumplan con los requisitos de tu negocio, creando un ambiente agradable para tus clientes y empleados. Desde la instalaci\u00f3n hasta el mantenimiento, estamos aqu\u00ed para brindarte soluciones integrales que respalden el \u00e9xito de tu empresa.<\/p>\n","protected":false},"excerpt":{"rendered":"<p>Calefacci\u00f3n y ACS para uso dom\u00e9stico Las primeras marcas del mercado para su hogar, desde \u201csplits\u201d de pared hasta m\u00e1quinas de conductos con sistema mecanizado de control de zonas. Tambi\u00e9n calefacci\u00f3n convencional o mediante placas solares. En Ins-Ter Termomec\u00e1nicas, sabemos que tu hogar en Alicante merece lo mejor en t\u00e9rminos de climatizaci\u00f3n. Por eso, te<\/p>\n<p class=\"more-link\"><a href=\"https:\/\/ins-ter.es\/index.php\/calefaccion-y-acs\/\" class=\"themebutton2\">Read More<\/a><\/p>\n","protected":false},"author":2,"featured_media":0,"parent":0,"menu_order":0,"comment_status":"closed","ping_status":"closed","template":"","meta":{"footnotes":""},"_links":{"self":[{"href":"https:\/\/ins-ter.es\/index.php\/wp-json\/wp\/v2\/pages\/343"}],"collection":[{"href":"https:\/\/ins-ter.es\/index.php\/wp-json\/wp\/v2\/pages"}],"about":[{"href":"https:\/\/ins-ter.es\/index.php\/wp-json\/wp\/v2\/types\/page"}],"author":[{"embeddable":true,"href":"https:\/\/ins-ter.es\/index.php\/wp-json\/wp\/v2\/users\/2"}],"replies":[{"embeddable":true,"href":"https:\/\/ins-ter.es\/index.php\/wp-json\/wp\/v2\/comments?post=343"}],"version-history":[{"count":13,"href":"https:\/\/ins-ter.es\/index.php\/wp-json\/wp\/v2\/pages\/343\/revisions"}],"predecessor-version":[{"id":761,"href":"https:\/\/ins-ter.es\/index.php\/wp-json\/wp\/v2\/pages\/343\/revisions\/761"}],"wp:attachment":[{"href":"https:\/\/ins-ter.es\/index.php\/wp-json\/wp\/v2\/media?parent=343"}],"curies":[{"name":"wp","href":"https:\/\/api.w.org\/{rel}","templated":true}]}}