{"id":241,"date":"2018-01-23T22:54:40","date_gmt":"2018-01-23T22:54:40","guid":{"rendered":"http:\/\/192.168.1.129\/web\/?page_id=241"},"modified":"2018-01-23T22:54:40","modified_gmt":"2018-01-23T22:54:40","slug":"nuestros-productos","status":"publish","type":"page","link":"https:\/\/ins-ter.es\/index.php\/nuestros-productos\/","title":{"rendered":"Nuestros productos"},"content":{"rendered":"<div id=\"conteText\">\n<p><strong>Dom\u00e9stico: <\/strong>Las primeras marcas del mercado para su hogar, desde \u201csplits\u201d de pared hasta m\u00e1quinas de conductos con sistema mecanizado de control de zonas. Tambi\u00e9n calefacci\u00f3n convencional o mediante placas solares.<\/p>\n<p align=\"center\"><a href=\"http:\/\/ins-ter.com\/images\/web\/lg_1B.jpg\" target=\"_blank\" rel=\"noopener\"><img decoding=\"async\" loading=\"lazy\" src=\"http:\/\/ins-ter.com\/images\/web\/lg_1.jpg\" alt=\"Pulse para ampliar\" width=\"151\" height=\"61\" border=\"0\" \/><\/a><a href=\"http:\/\/ins-ter.com\/images\/web\/domestico_1B.jpg\" target=\"_blank\" rel=\"noopener\"><img decoding=\"async\" loading=\"lazy\" src=\"http:\/\/ins-ter.com\/images\/web\/domestico_1.gif\" alt=\"Pulse para ampliar\" width=\"151\" height=\"61\" border=\"0\" \/><\/a><a href=\"http:\/\/ins-ter.com\/images\/web\/domestico_2B.jpg\" target=\"_blank\" rel=\"noopener\"><img decoding=\"async\" loading=\"lazy\" src=\"http:\/\/ins-ter.com\/images\/web\/domestico_2.gif\" alt=\"Pulse para ampliar\" width=\"90\" height=\"71\" border=\"0\" \/><\/a><\/p>\n<p><strong> Industrial:<\/strong>Gran variedad de m\u00e1quinas con muy alto prestigio en el mercado capaz de satisfacer cualquier necesidad que tengan nuestros clientes.<\/p>\n<p align=\"center\"><a href=\"http:\/\/ins-ter.com\/images\/web\/industrial_1B.jpg\" target=\"_blank\" rel=\"noopener\"><img decoding=\"async\" loading=\"lazy\" src=\"http:\/\/ins-ter.com\/images\/web\/industrial_1.gif\" alt=\"Pulse para ampliar\" width=\"130\" height=\"70\" border=\"0\" \/><\/a><a href=\"http:\/\/ins-ter.com\/images\/web\/industrial_2B.jpg\" target=\"_blank\" rel=\"noopener\"><img decoding=\"async\" loading=\"lazy\" src=\"http:\/\/ins-ter.com\/images\/web\/industrial_2.gif\" alt=\"Pulse para ampliar\" width=\"130\" height=\"70\" border=\"0\" \/><\/a><\/p>\n<p><strong>Comercial: <\/strong>Tambi\u00e9n disponemos de la maquinaria necesaria para grandes almacenes, comercios, naves, etc.<\/p>\n<p align=\"center\"><a href=\"http:\/\/ins-ter.com\/images\/web\/comercial_1B.jpg\" target=\"_blank\" rel=\"noopener\"><img decoding=\"async\" loading=\"lazy\" src=\"http:\/\/ins-ter.com\/images\/web\/comercial_1.gif\" alt=\"Pulse para ampliar\" width=\"234\" height=\"59\" border=\"0\" \/><\/a><a href=\"http:\/\/ins-ter.com\/images\/web\/comercial_2.gif\" target=\"_blank\" rel=\"noopener\"><img decoding=\"async\" loading=\"lazy\" src=\"http:\/\/ins-ter.com\/images\/web\/comercial_2.gif\" alt=\"Pulse para ampliar\" width=\"143\" height=\"57\" border=\"0\" \/><\/a><\/p>\n<\/div>\n","protected":false},"excerpt":{"rendered":"<p>Dom\u00e9stico: Las primeras marcas del mercado para su hogar, desde \u201csplits\u201d de pared hasta m\u00e1quinas de conductos con sistema mecanizado de control de zonas. Tambi\u00e9n calefacci\u00f3n convencional o mediante placas solares. Industrial:Gran variedad de m\u00e1quinas con muy alto prestigio en el mercado capaz de satisfacer cualquier necesidad que tengan nuestros clientes. Comercial: Tambi\u00e9n disponemos de<\/p>\n<p class=\"more-link\"><a href=\"https:\/\/ins-ter.es\/index.php\/nuestros-productos\/\" class=\"themebutton2\">Read More<\/a><\/p>\n","protected":false},"author":2,"featured_media":0,"parent":0,"menu_order":0,"comment_status":"closed","ping_status":"closed","template":"","meta":{"footnotes":""},"_links":{"self":[{"href":"https:\/\/ins-ter.es\/index.php\/wp-json\/wp\/v2\/pages\/241"}],"collection":[{"href":"https:\/\/ins-ter.es\/index.php\/wp-json\/wp\/v2\/pages"}],"about":[{"href":"https:\/\/ins-ter.es\/index.php\/wp-json\/wp\/v2\/types\/page"}],"author":[{"embeddable":true,"href":"https:\/\/ins-ter.es\/index.php\/wp-json\/wp\/v2\/users\/2"}],"replies":[{"embeddable":true,"href":"https:\/\/ins-ter.es\/index.php\/wp-json\/wp\/v2\/comments?post=241"}],"version-history":[{"count":0,"href":"https:\/\/ins-ter.es\/index.php\/wp-json\/wp\/v2\/pages\/241\/revisions"}],"wp:attachment":[{"href":"https:\/\/ins-ter.es\/index.php\/wp-json\/wp\/v2\/media?parent=241"}],"curies":[{"name":"wp","href":"https:\/\/api.w.org\/{rel}","templated":true}]}}