{"id":239,"date":"2018-01-23T22:50:18","date_gmt":"2018-01-23T22:50:18","guid":{"rendered":"http:\/\/192.168.1.129\/web\/?page_id=239"},"modified":"2024-03-05T09:31:59","modified_gmt":"2024-03-05T09:31:59","slug":"nuestros-servicios","status":"publish","type":"page","link":"https:\/\/ins-ter.es\/index.php\/nuestros-servicios\/","title":{"rendered":"Nuestros servicios"},"content":{"rendered":"<h2 id=\"fondoFoto\">Ins-Ter Termomec\u00e1nicas S.L. le ofrece su instalaci\u00f3n de aire acondicionado en Alicante:<\/h2>\n<ul>\n<li>\n<h3>Garant\u00eda del trabajo efectuado.<\/h3>\n<\/li>\n<\/ul>\n<p>En Ins-Ter Termomec\u00e1nicas, respaldamos cada trabajo realizado de instalaci\u00f3n de aire acondicionado en Alicante con una s\u00f3lida garant\u00eda. Creemos en la calidad y confiabilidad de nuestros servicios, y eso se refleja en la tranquilidad que te proporcionamos al saber que est\u00e1s cubierto en caso de cualquier eventualidad.<\/p>\n<div id=\"conteText\">\n<ul>\n<li>\n<h3>Repuestos originales para su aire acondicionado.<\/h3>\n<\/li>\n<\/ul>\n<p>Tu satisfacci\u00f3n y la eficiencia de tus sistemas son fundamentales para nosotros. Por eso, utilizamos exclusivamente repuestos originales en todas nuestras reparaciones y mantenimientos. Esto garantiza que tus equipos funcionen con la m\u00e1xima eficacia y durabilidad.<\/p>\n<ul>\n<li>\n<h3>Seriedad y eficacia.<\/h3>\n<\/li>\n<\/ul>\n<p>Nuestra reputaci\u00f3n se basa en la seriedad y eficacia con la que abordamos cada proyecto. Desde la instalaci\u00f3n hasta la reparaci\u00f3n, trabajamos con profesionalismo y compromiso para asegurarnos de que tus sistemas de climatizaci\u00f3n funcionen perfectamente y sin demoras.<\/p>\n<ul>\n<li>\n<h3>Asistencia inmediata en la zona de Alicante.<\/h3>\n<\/li>\n<\/ul>\n<p>En caso de problemas inesperados, puedes contar con nuestra asistencia inmediata. Nuestro equipo est\u00e1 listo para responder a tus llamadas y atender tus emergencias con prontitud, proporcionando soluciones r\u00e1pidas y efectivas.<\/p>\n<ul>\n<li>\n<h3>Servicio t\u00e9cnico altamente cualificado.<\/h3>\n<\/li>\n<\/ul>\n<p>Nuestro equipo t\u00e9cnico altamente cualificado est\u00e1 a tu disposici\u00f3n para resolver cualquier problema que puedas enfrentar. Con experiencia y conocimientos s\u00f3lidos en climatizaci\u00f3n y calefacci\u00f3n, te brindamos soluciones confiables y duraderas.<\/p>\n<ul>\n<li>\n<h3>Personal t\u00e9cnico en constante evoluci\u00f3n.<\/h3>\n<\/li>\n<\/ul>\n<p>En Ins-Ter Termomec\u00e1nicas, valoramos la formaci\u00f3n continua de nuestro personal t\u00e9cnico. Estamos al tanto de las \u00faltimas tendencias y avances en tecnolog\u00eda para asegurarnos de que recibas el asesoramiento y servicio m\u00e1s actualizado y eficiente.<\/p>\n<ul>\n<li>\n<h3>Asesoramiento t\u00e9cnico.<\/h3>\n<\/li>\n<\/ul>\n<p>Entendemos que tomar decisiones informadas es esencial para mantener tus sistemas en \u00f3ptimo estado. Nuestro equipo de expertos est\u00e1 disponible para brindarte asesoramiento t\u00e9cnico, responder a tus preguntas y ayudarte a tomar decisiones informadas.<\/p>\n<ul>\n<li>\n<h3>Infraestructura, personal y medios para solucionar su problema.<\/h3>\n<\/li>\n<\/ul>\n<p>En Ins-Ter Termomec\u00e1nicas, contamos con la infraestructura, el personal y los medios necesarios para abordar cualquier problema de climatizaci\u00f3n o calefacci\u00f3n que puedas tener. Desde instalaciones complejas hasta reparaciones urgentes, tenemos la capacidad y la experiencia para ofrecer soluciones integrales y efectivas.<\/p>\n<\/div>\n<p>Nuestro compromiso es proporcionarte servicios de climatizaci\u00f3n y calefacci\u00f3n excepcionales en Elche, Alicante, respaldados por nuestra experiencia y enfoque en la calidad.<\/p>\n","protected":false},"excerpt":{"rendered":"<p>Ins-Ter Termomec\u00e1nicas S.L. le ofrece su instalaci\u00f3n de aire acondicionado en Alicante: Garant\u00eda del trabajo efectuado. En Ins-Ter Termomec\u00e1nicas, respaldamos cada trabajo realizado de instalaci\u00f3n de aire acondicionado en Alicante con una s\u00f3lida garant\u00eda. Creemos en la calidad y confiabilidad de nuestros servicios, y eso se refleja en la tranquilidad que te proporcionamos al saber<\/p>\n<p class=\"more-link\"><a href=\"https:\/\/ins-ter.es\/index.php\/nuestros-servicios\/\" class=\"themebutton2\">Read More<\/a><\/p>\n","protected":false},"author":2,"featured_media":0,"parent":0,"menu_order":0,"comment_status":"closed","ping_status":"closed","template":"","meta":{"footnotes":""},"_links":{"self":[{"href":"https:\/\/ins-ter.es\/index.php\/wp-json\/wp\/v2\/pages\/239"}],"collection":[{"href":"https:\/\/ins-ter.es\/index.php\/wp-json\/wp\/v2\/pages"}],"about":[{"href":"https:\/\/ins-ter.es\/index.php\/wp-json\/wp\/v2\/types\/page"}],"author":[{"embeddable":true,"href":"https:\/\/ins-ter.es\/index.php\/wp-json\/wp\/v2\/users\/2"}],"replies":[{"embeddable":true,"href":"https:\/\/ins-ter.es\/index.php\/wp-json\/wp\/v2\/comments?post=239"}],"version-history":[{"count":3,"href":"https:\/\/ins-ter.es\/index.php\/wp-json\/wp\/v2\/pages\/239\/revisions"}],"predecessor-version":[{"id":776,"href":"https:\/\/ins-ter.es\/index.php\/wp-json\/wp\/v2\/pages\/239\/revisions\/776"}],"wp:attachment":[{"href":"https:\/\/ins-ter.es\/index.php\/wp-json\/wp\/v2\/media?parent=239"}],"curies":[{"name":"wp","href":"https:\/\/api.w.org\/{rel}","templated":true}]}}