{"id":143,"date":"2018-01-22T18:27:16","date_gmt":"2018-01-22T18:27:16","guid":{"rendered":"http:\/\/192.168.1.139\/web\/?page_id=2"},"modified":"2018-01-22T18:27:16","modified_gmt":"2018-01-22T18:27:16","slug":"pagina-ejemplo-2","status":"publish","type":"page","link":"https:\/\/ins-ter.es\/index.php\/pagina-ejemplo-2\/","title":{"rendered":"Sobre nuestra empresa"},"content":{"rendered":"<h2 id=\"h2Inicio\">Nuestra empresa: INS-TER Termomecanicas S.L.<\/h2>\n<p>Ins-Ter Termomec\u00e1nicas S.L. es una empresa dedicada a la venta, reparaci\u00f3n, instalaci\u00f3n y mantenimiento de toda clase de maquinaria para la climatizaci\u00f3n, refrigeraci\u00f3n y calefacci\u00f3n para su hogar, trabajo, comercio, grandes superficies, etc.<\/p>\n<p>Nuestra empresa con muchos a\u00f1os en el mercado le ofrece seguridad, seriedad y calidad en nuestros trabajos.<\/p>\n<p>Disponemos de personal altamente cualificado y medios para que su instalaci\u00f3n, reparaci\u00f3n o mantenimiento sea totalmente satisfactorio.<\/p>\n","protected":false},"excerpt":{"rendered":"<p>Nuestra empresa: INS-TER Termomecanicas S.L. Ins-Ter Termomec\u00e1nicas S.L. es una empresa dedicada a la venta, reparaci\u00f3n, instalaci\u00f3n y mantenimiento de toda clase de maquinaria para la climatizaci\u00f3n, refrigeraci\u00f3n y calefacci\u00f3n para su hogar, trabajo, comercio, grandes superficies, etc. Nuestra empresa con muchos a\u00f1os en el mercado le ofrece seguridad, seriedad y calidad en nuestros trabajos.<\/p>\n<p class=\"more-link\"><a href=\"https:\/\/ins-ter.es\/index.php\/pagina-ejemplo-2\/\" class=\"themebutton2\">Read More<\/a><\/p>\n","protected":false},"author":2,"featured_media":0,"parent":0,"menu_order":0,"comment_status":"closed","ping_status":"open","template":"","meta":{"footnotes":""},"_links":{"self":[{"href":"https:\/\/ins-ter.es\/index.php\/wp-json\/wp\/v2\/pages\/143"}],"collection":[{"href":"https:\/\/ins-ter.es\/index.php\/wp-json\/wp\/v2\/pages"}],"about":[{"href":"https:\/\/ins-ter.es\/index.php\/wp-json\/wp\/v2\/types\/page"}],"author":[{"embeddable":true,"href":"https:\/\/ins-ter.es\/index.php\/wp-json\/wp\/v2\/users\/2"}],"replies":[{"embeddable":true,"href":"https:\/\/ins-ter.es\/index.php\/wp-json\/wp\/v2\/comments?post=143"}],"version-history":[{"count":0,"href":"https:\/\/ins-ter.es\/index.php\/wp-json\/wp\/v2\/pages\/143\/revisions"}],"wp:attachment":[{"href":"https:\/\/ins-ter.es\/index.php\/wp-json\/wp\/v2\/media?parent=143"}],"curies":[{"name":"wp","href":"https:\/\/api.w.org\/{rel}","templated":true}]}}